{"id":15,"date":"2024-04-09T11:35:17","date_gmt":"2024-04-09T09:35:17","guid":{"rendered":"https:\/\/xn--fundacionpadrio-crb.org\/?page_id=15"},"modified":"2024-05-27T08:36:15","modified_gmt":"2024-05-27T06:36:15","slug":"inicio","status":"publish","type":"page","link":"https:\/\/xn--fundacionpadrio-crb.org\/en\/","title":{"rendered":"Inicio"},"content":{"rendered":"<p>[et_pb_section fb_built=\u00bb1&#8243; _builder_version=\u00bb4.24.2&#8243; _module_preset=\u00bbdefault\u00bb custom_padding=\u00bb0px||||false|false\u00bb border_width_top=\u00bb1px\u00bb border_color_top=\u00bb#302B29&#8243; global_colors_info=\u00bb{}\u00bb][et_pb_row column_structure=\u00bb1_2,1_2&#8243; make_equal=\u00bbon\u00bb module_class=\u00bbrow-cabecera\u00bb _builder_version=\u00bb4.24.2&#8243; _module_preset=\u00bbdefault\u00bb width=\u00bb100%\u00bb max_width=\u00bb100%\u00bb max_width_tablet=\u00bb100%\u00bb max_width_phone=\u00bb100%\u00bb max_width_last_edited=\u00bbon|tablet\u00bb height=\u00bb731px\u00bb height_tablet=\u00bb\u00bb height_phone=\u00bb\u00bb height_last_edited=\u00bbon|tablet\u00bb custom_padding=\u00bb0px||||false|false\u00bb global_colors_info=\u00bb{}\u00bb][et_pb_column type=\u00bb1_2&#8243; _builder_version=\u00bb4.24.2&#8243; _module_preset=\u00bbdefault\u00bb background_image=\u00bbhttps:\/\/xn--fundacionpadrio-crb.org\/wp-content\/uploads\/2024\/04\/shutterstock_2289071227-1-1.png\u00bb background_last_edited=\u00bbon|phone\u00bb background_enable_image_tablet=\u00bboff\u00bb border_radii=\u00bboff|||200px|\u00bb box_shadow_style=\u00bbpreset3&#8243; box_shadow_vertical=\u00bb4px\u00bb box_shadow_blur=\u00bb4px\u00bb box_shadow_spread=\u00bb0px\u00bb box_shadow_color=\u00bbrgba(0,0,0,0.25)\u00bb global_colors_info=\u00bb{}\u00bb][et_pb_image src=\u00bbhttps:\/\/xn--fundacionpadrio-crb.org\/wp-content\/uploads\/2024\/04\/shutterstock_2289071227-1-1.png\u00bb title_text=\u00bbshutterstock_2289071227 1 (1)\u00bb disabled_on=\u00bboff|off|on\u00bb _builder_version=\u00bb4.24.2&#8243; _module_preset=\u00bbdefault\u00bb custom_margin=\u00bb0px||||false|false\u00bb custom_padding=\u00bb0px||||false|false\u00bb border_radii=\u00bboff|0px|0px|80px|0px\u00bb box_shadow_style=\u00bbpreset3&#8243; box_shadow_vertical=\u00bb4px\u00bb box_shadow_blur=\u00bb4px\u00bb box_shadow_spread=\u00bb0px\u00bb box_shadow_color=\u00bbrgba(0,0,0,0.25)\u00bb global_colors_info=\u00bb{}\u00bb][\/et_pb_image][\/et_pb_column][et_pb_column type=\u00bb1_2&#8243; module_class=\u00bbrow-flex1&#8243; _builder_version=\u00bb4.24.2&#8243; _module_preset=\u00bbdefault\u00bb background_enable_image=\u00bboff\u00bb custom_padding=\u00bb|20px||20px|false|true\u00bb global_colors_info=\u00bb{}\u00bb][et_pb_text _builder_version=\u00bb4.24.2&#8243; _module_preset=\u00bbdefault\u00bb text_font=\u00bbOld Standard TT||||||||\u00bb global_colors_info=\u00bb{}\u00bb]<\/p>\n<h2 class=\"sub\">LA FUNDACI\u00d3N<\/h2>\n<h1 class=\"title\">Nuestra historia<\/h1>\n<p class=\"texto\">Fundaci\u00f3n Padri\u00f1o es, para nosotros, todo lo que representa la vida. Ayudar para poder seguir, acompa\u00f1ar durante el camino y apostar por las segundas oportunidades.<\/p>\n<p><span class=\"texto\">Fer era nuestro <strong>padri\u00f1o<\/strong>: una persona extraordinaria que solo sab\u00eda hacer las cosas desde el coraz\u00f3n. Continuar su legado y trabajar en coherencia con los valores que \u00e9l nos ense\u00f1\u00f3 <strong>es nuestra raz\u00f3n de ser<\/span><\/strong>.[\/et_pb_text][et_pb_button button_url=\u00bb@ET-DC@eyJkeW5hbWljIjp0cnVlLCJjb250ZW50IjoicG9zdF9saW5rX3VybF9wYWdlIiwic2V0dGluZ3MiOnsicG9zdF9pZCI6IjE3In19@\u00bb button_text=\u00bbqui\u00e9nes somos\u00bb module_class=\u00bbbotn-Lbrown\u00bb _builder_version=\u00bb4.24.2&#8243; _dynamic_attributes=\u00bbbutton_url\u00bb _module_preset=\u00bbdefault\u00bb custom_button=\u00bbon\u00bb button_use_icon=\u00bboff\u00bb custom_padding=\u00bb10px|25px|10px|25px|true|true\u00bb global_colors_info=\u00bb{}\u00bb][\/et_pb_button][\/et_pb_column][\/et_pb_row][\/et_pb_section][et_pb_section fb_built=\u00bb1&#8243; admin_label=\u00bbSecci\u00f3n\u00bb _builder_version=\u00bb4.24.2&#8243; _module_preset=\u00bbdefault\u00bb global_colors_info=\u00bb{}\u00bb][et_pb_row column_structure=\u00bb1_3,1_3,1_3&#8243; make_equal=\u00bbon\u00bb custom_padding_last_edited=\u00bbon|desktop\u00bb admin_label=\u00bbFila\u00bb module_class=\u00bbrow-ads\u00bb _builder_version=\u00bb4.24.2&#8243; _module_preset=\u00bbdefault\u00bb width=\u00bb100%\u00bb max_width=\u00bb80%\u00bb max_width_tablet=\u00bb90%\u00bb max_width_phone=\u00bb90%\u00bb max_width_last_edited=\u00bbon|phone\u00bb module_alignment=\u00bbcenter\u00bb custom_padding_tablet=\u00bb0px||||false|false\u00bb custom_padding_phone=\u00bb0px||||false|false\u00bb hover_enabled=\u00bb0&#8243; global_colors_info=\u00bb{}\u00bb sticky_enabled=\u00bb0&#8243;][et_pb_column type=\u00bb1_3&#8243; _builder_version=\u00bb4.24.2&#8243; _module_preset=\u00bbdefault\u00bb background_color=\u00bb#AB8072&#8243; custom_padding=\u00bb30px|30px|30px|30px|true|true\u00bb global_colors_info=\u00bb{}\u00bb][et_pb_blurb image=\u00bbhttps:\/\/xn--fundacionpadrio-crb.org\/wp-content\/uploads\/2024\/04\/solidaridad-1.png\u00bb _builder_version=\u00bb4.24.2&#8243; _module_preset=\u00bbdefault\u00bb header_level=\u00bbh2&#8243; header_text_align=\u00bbcenter\u00bb body_text_align=\u00bbcenter\u00bb global_colors_info=\u00bb{}\u00bb]<\/p>\n<h2 class=\"titleAd\">Sin \u00e1nimo de lucro<\/h2>\n<p class=\"textAd\">Somos una organizaci\u00f3n sin \u00e1nimo de lucro que trabajamos para promover la integraci\u00f3n social y laboral de personas en situaci\u00f3n o riesgo de exclusi\u00f3n social.<\/p>\n<p>[\/et_pb_blurb][\/et_pb_column][et_pb_column type=\u00bb1_3&#8243; _builder_version=\u00bb4.24.2&#8243; _module_preset=\u00bbdefault\u00bb background_color=\u00bb#302B29&#8243; custom_padding=\u00bb30px|30px|30px|30px|false|false\u00bb global_colors_info=\u00bb{}\u00bb][et_pb_blurb image=\u00bbhttps:\/\/xn--fundacionpadrio-crb.org\/wp-content\/uploads\/2024\/05\/vida-laboral.svg\u00bb image_icon_width=\u00bb33%\u00bb _builder_version=\u00bb4.24.2&#8243; _module_preset=\u00bbdefault\u00bb header_level=\u00bbh2&#8243; header_text_align=\u00bbcenter\u00bb body_text_align=\u00bbcenter\u00bb hover_enabled=\u00bb0&#8243; global_colors_info=\u00bb{}\u00bb title_text=\u00bbvida-laboral\u00bb sticky_enabled=\u00bb0&#8243;]<\/p>\n<h2 class=\"titleAd\">Compromiso social<\/h2>\n<p class=\"textAd\">Trabajamos para generar oportunidades y establecer un acompa\u00f1amiento continuo para el desarrollo socio-laboral de las personas.<\/p>\n<p>[\/et_pb_blurb][\/et_pb_column][et_pb_column type=\u00bb1_3&#8243; _builder_version=\u00bb4.24.2&#8243; _module_preset=\u00bbdefault\u00bb background_color=\u00bb#FFFFFF\u00bb custom_padding=\u00bb30px|30px|30px|30px|false|false\u00bb border_width_all=\u00bb10px\u00bb border_color_all=\u00bb#F2E7E3&#8243; global_colors_info=\u00bb{}\u00bb][et_pb_blurb image=\u00bbhttps:\/\/xn--fundacionpadrio-crb.org\/wp-content\/uploads\/2024\/04\/Pildora-inicial-Fundacion-Padrino-2-1.png\u00bb _builder_version=\u00bb4.24.2&#8243; _module_preset=\u00bbdefault\u00bb header_level=\u00bbh2&#8243; header_text_align=\u00bbcenter\u00bb body_text_align=\u00bbcenter\u00bb global_colors_info=\u00bb{}\u00bb][\/et_pb_blurb][\/et_pb_column][\/et_pb_row][\/et_pb_section][et_pb_section fb_built=\u00bb1&#8243; module_class=\u00bbseccTienda\u00bb _builder_version=\u00bb4.24.2&#8243; _module_preset=\u00bbdefault\u00bb background_color=\u00bbrgba(48,43,41,0.5)\u00bb background_image=\u00bbhttps:\/\/xn--fundacionpadrio-crb.org\/wp-content\/uploads\/2024\/04\/espacio-social.jpg\u00bb background_blend=\u00bboverlay\u00bb height=\u00bb833px\u00bb height_tablet=\u00bb100%\u00bb height_phone=\u00bb100%\u00bb height_last_edited=\u00bbon|phone\u00bb custom_margin=\u00bb100px||||false|false\u00bb custom_margin_tablet=\u00bb0px||||false|false\u00bb custom_margin_phone=\u00bb0px||||false|false\u00bb custom_margin_last_edited=\u00bbon|phone\u00bb animation_style=\u00bbfade\u00bb global_colors_info=\u00bb{}\u00bb][et_pb_row column_structure=\u00bb1_2,1_2&#8243; module_class=\u00bbrow-tienda\u00bb _builder_version=\u00bb4.24.2&#8243; _module_preset=\u00bbdefault\u00bb width=\u00bb100%\u00bb max_width=\u00bb80%\u00bb max_width_tablet=\u00bb90%\u00bb max_width_phone=\u00bb90%\u00bb max_width_last_edited=\u00bbon|phone\u00bb global_colors_info=\u00bb{}\u00bb][et_pb_column type=\u00bb1_2&#8243; _builder_version=\u00bb4.24.2&#8243; _module_preset=\u00bbdefault\u00bb global_colors_info=\u00bb{}\u00bb][et_pb_text _builder_version=\u00bb4.24.2&#8243; _module_preset=\u00bbdefault\u00bb text_font=\u00bbOld Standard TT||||||||\u00bb locked=\u00bboff\u00bb global_colors_info=\u00bb{}\u00bb]<\/p>\n<h3 class=\"subWhite\">LA TIENDA DE LINO<\/h3>\n<h2 class=\"titleWhite\">Un espacio social<\/h2>\n<p class=\"textoWhite\">En el a\u00f1o 1971, Lino y Mary abrieron una <strong>peque\u00f1a tienda en A Coru\u00f1a<\/strong>. Poco a poco, con mucho esfuerzo y trabajo, se convirti\u00f3 en ese lugar que la gente visita cuando quiere comprar algo bueno para su casa: pan fresco, verduras, fruta de temporada, embutidos, queso, vino&#8230;<\/p>\n<p>[\/et_pb_text][et_pb_toggle title=\u00bb\u00bfQuieres saber m\u00e1s?\u00bb open_toggle_text_color=\u00bb#FFFFFF\u00bb open_toggle_background_color=\u00bbRGBA(255,255,255,0)\u00bb closed_toggle_text_color=\u00bb#FFFFFF\u00bb closed_toggle_background_color=\u00bbRGBA(255,255,255,0)\u00bb icon_color=\u00bb#FFFFFF\u00bb toggle_icon=\u00bb&#xe03a;||divi||400&#8243; use_icon_font_size=\u00bbon\u00bb icon_font_size=\u00bb22px\u00bb open_icon_color=\u00bb#FFFFFF\u00bb open_toggle_icon=\u00bb&#xe039;||divi||400&#8243; open_use_icon_font_size=\u00bbon\u00bb open_icon_font_size=\u00bb22px\u00bb module_class=\u00bbdesplegable\u00bb _builder_version=\u00bb4.24.2&#8243; _module_preset=\u00bbdefault\u00bb title_text_color=\u00bb#FFFFFF\u00bb title_level=\u00bbh4&#8243; title_font=\u00bbNunito|700|||||||\u00bb title_line_height=\u00bb26px\u00bb closed_title_font=\u00bbNunito||||||||\u00bb closed_title_font_size=\u00bb18px\u00bb body_font=\u00bbNunito||||||||\u00bb body_text_color=\u00bb#FFFFFF\u00bb body_font_size=\u00bb18px\u00bb body_line_height=\u00bb26px\u00bb border_width_all=\u00bb0px\u00bb border_width_bottom=\u00bb1px\u00bb border_color_bottom=\u00bb#FFFFFF\u00bb global_colors_info=\u00bb{}\u00bb]<\/p>\n<p classs=\"textWhite\">Lino, su fundador, nos ense\u00f1\u00f3 a ofrecer siempre un buen producto, acompa\u00f1ado de un servicio cercano a nuestros clientes, y con su ejemplo de trabajo, seguimos mejorando cada d\u00eda para cumplir con ello. 50 a\u00f1os despu\u00e9s, siendo ahora una referencia nacional en producto de calidad y vino gallego, La Tienda de Lino se transforma para ayudar a promover la integraci\u00f3n social y laboral de personas en situaci\u00f3n o riesgo de exclusi\u00f3n social. Un espacio para avanzar y ofrecer oportunidades de vida, donde el trabajo sea una herramienta para el desarrollo y crecimiento personal.<\/p>\n<p>[\/et_pb_toggle][et_pb_button button_url=\u00bb@ET-DC@eyJkeW5hbWljIjp0cnVlLCJjb250ZW50IjoicG9zdF9saW5rX3VybF9wYWdlIiwic2V0dGluZ3MiOnsicG9zdF9pZCI6IjIzIn19@\u00bb button_text=\u00bbvis\u00edtanos\u00bb module_class=\u00bbbotn-Lbrown\u00bb _builder_version=\u00bb4.24.2&#8243; _dynamic_attributes=\u00bbbutton_url\u00bb _module_preset=\u00bbdefault\u00bb custom_button=\u00bbon\u00bb button_border_width=\u00bb0px\u00bb button_border_radius=\u00bb0px\u00bb button_use_icon=\u00bboff\u00bb custom_padding=\u00bb10px|25px|10px|25px|true|true\u00bb locked=\u00bboff\u00bb global_colors_info=\u00bb{}\u00bb][\/et_pb_button][\/et_pb_column][et_pb_column type=\u00bb1_2&#8243; _builder_version=\u00bb4.24.2&#8243; _module_preset=\u00bbdefault\u00bb global_colors_info=\u00bb{}\u00bb][\/et_pb_column][\/et_pb_row][\/et_pb_section][et_pb_section fb_built=\u00bb1&#8243; _builder_version=\u00bb4.24.2&#8243; _module_preset=\u00bbdefault\u00bb global_colors_info=\u00bb{}\u00bb][et_pb_row make_equal=\u00bbon\u00bb module_class=\u00bbrow-who\u00bb _builder_version=\u00bb4.24.2&#8243; _module_preset=\u00bbdefault\u00bb width=\u00bb100%\u00bb max_width=\u00bb40%\u00bb max_width_tablet=\u00bb90%\u00bb max_width_phone=\u00bb90%\u00bb max_width_last_edited=\u00bbon|tablet\u00bb animation_style=\u00bbfade\u00bb global_colors_info=\u00bb{}\u00bb][et_pb_column type=\u00bb4_4&#8243; _builder_version=\u00bb4.24.2&#8243; _module_preset=\u00bbdefault\u00bb global_colors_info=\u00bb{}\u00bb][et_pb_text _builder_version=\u00bb4.24.2&#8243; _module_preset=\u00bbdefault\u00bb text_font=\u00bbOld Standard TT||||||||\u00bb header_2_text_align=\u00bbcenter\u00bb header_3_text_align=\u00bbcenter\u00bb text_orientation=\u00bbcenter\u00bb locked=\u00bboff\u00bb global_colors_info=\u00bb{}\u00bb]<\/p>\n<h3 class=\"sub\">ORGANIZACI\u00d3N<\/h3>\n<h2 class=\"title\">Qui\u00e9nes somos<\/h2>\n<p class=\"texto\">Somos una organizaci\u00f3n sin \u00e1nimo de lucro que trabajamos para promover la integraci\u00f3n social y laboral de personas en situaci\u00f3n o riesgo de exclusi\u00f3n social.<\/p>\n<p>[\/et_pb_text][\/et_pb_column][\/et_pb_row][et_pb_row column_structure=\u00bb1_2,1_2&#8243; make_equal=\u00bbon\u00bb module_class=\u00bbrow-who\u00bb _builder_version=\u00bb4.24.2&#8243; _module_preset=\u00bbdefault\u00bb background_enable_color=\u00bboff\u00bb width=\u00bb100%\u00bb max_width=\u00bb40%\u00bb max_width_tablet=\u00bb90%\u00bb max_width_phone=\u00bb90%\u00bb max_width_last_edited=\u00bbon|desktop\u00bb min_height=\u00bb370px\u00bb min_height_tablet=\u00bb370px\u00bb min_height_phone=\u00bb316px\u00bb min_height_last_edited=\u00bbon|phone\u00bb height=\u00bb316px\u00bb max_height=\u00bb316px\u00bb custom_padding=\u00bb||||false|false\u00bb animation_style=\u00bbfade\u00bb global_colors_info=\u00bb{}\u00bb][et_pb_column type=\u00bb1_2&#8243; _builder_version=\u00bb4.24.2&#8243; _module_preset=\u00bbdefault\u00bb background_enable_color=\u00bboff\u00bb background_enable_image=\u00bboff\u00bb background_size=\u00bbinitial\u00bb background_blend=\u00bboverlay\u00bb global_colors_info=\u00bb{}\u00bb transform_styles__hover_enabled=\u00bboff|desktop\u00bb transform_scale__hover_enabled=\u00bboff|desktop\u00bb transform_translate__hover_enabled=\u00bboff|desktop\u00bb transform_rotate__hover_enabled=\u00bboff|desktop\u00bb transform_skew__hover_enabled=\u00bboff|desktop\u00bb transform_origin__hover_enabled=\u00bboff|desktop\u00bb transform_scale__hover=\u00bb110%|110%\u00bb][et_pb_image src=\u00bbhttps:\/\/xn--fundacionpadrio-crb.org\/wp-content\/uploads\/2024\/04\/shutterstock_1785351092-1.png\u00bb title_text=\u00bbshutterstock_1785351092 1&#8243; url=\u00bb@ET-DC@eyJkeW5hbWljIjp0cnVlLCJjb250ZW50IjoicG9zdF9saW5rX3VybF9wYWdlIiwic2V0dGluZ3MiOnsicG9zdF9pZCI6IjE3In19@\u00bb align_tablet=\u00bbcenter\u00bb align_phone=\u00bbcenter\u00bb align_last_edited=\u00bbon|phone\u00bb module_class=\u00bbwhoImagen\u00bb _builder_version=\u00bb4.24.2&#8243; _dynamic_attributes=\u00bburl\u00bb _module_preset=\u00bbdefault\u00bb border_radii=\u00bbon|50%|50%|50%|50%\u00bb global_colors_info=\u00bb{}\u00bb][\/et_pb_image][\/et_pb_column][et_pb_column type=\u00bb1_2&#8243; _builder_version=\u00bb4.24.2&#8243; _module_preset=\u00bbdefault\u00bb background_enable_color=\u00bboff\u00bb background_enable_image=\u00bboff\u00bb background_size=\u00bbinitial\u00bb background_blend=\u00bboverlay\u00bb global_colors_info=\u00bb{}\u00bb transform_styles__hover_enabled=\u00bboff|hover\u00bb transform_scale__hover=\u00bb110%|110%\u00bb transform_scale__hover_enabled=\u00bboff|hover\u00bb transform_translate__hover_enabled=\u00bboff|hover\u00bb transform_rotate__hover_enabled=\u00bboff|hover\u00bb transform_skew__hover_enabled=\u00bboff|hover\u00bb transform_origin__hover_enabled=\u00bboff|hover\u00bb][et_pb_image src=\u00bbhttps:\/\/xn--fundacionpadrio-crb.org\/wp-content\/uploads\/2024\/04\/gerencia-1.png\u00bb title_text=\u00bbgerencia 1&#8243; url=\u00bb@ET-DC@eyJkeW5hbWljIjp0cnVlLCJjb250ZW50IjoicG9zdF9saW5rX3VybF9wYWdlIiwic2V0dGluZ3MiOnsicG9zdF9pZCI6IjE3In19@\u00bb align_tablet=\u00bbcenter\u00bb align_phone=\u00bbcenter\u00bb align_last_edited=\u00bbon|phone\u00bb module_class=\u00bbwhoImagen2&#8243; _builder_version=\u00bb4.24.2&#8243; _dynamic_attributes=\u00bburl\u00bb _module_preset=\u00bbdefault\u00bb border_radii=\u00bbon|50%|50%|50%|50%\u00bb global_colors_info=\u00bb{}\u00bb][\/et_pb_image][\/et_pb_column][\/et_pb_row][et_pb_row make_equal=\u00bbon\u00bb custom_padding_last_edited=\u00bbon|phone\u00bb _builder_version=\u00bb4.24.2&#8243; _module_preset=\u00bbdefault\u00bb width=\u00bb100%\u00bb max_width=\u00bb90%\u00bb module_alignment=\u00bbcenter\u00bb custom_padding=\u00bb||||false|false\u00bb custom_padding_tablet=\u00bb||||false|false\u00bb custom_padding_phone=\u00bb||||false|false\u00bb global_colors_info=\u00bb{}\u00bb][et_pb_column type=\u00bb4_4&#8243; _builder_version=\u00bb4.24.2&#8243; _module_preset=\u00bbdefault\u00bb global_colors_info=\u00bb{}\u00bb][et_pb_button button_url=\u00bb@ET-DC@eyJkeW5hbWljIjp0cnVlLCJjb250ZW50IjoicG9zdF9saW5rX3VybF9wYWdlIiwic2V0dGluZ3MiOnsicG9zdF9pZCI6IjE3In19@\u00bb button_text=\u00bbCon\u00f3cenos\u00bb button_alignment=\u00bbcenter\u00bb module_class=\u00bbbotn-Lbrown\u00bb _builder_version=\u00bb4.24.2&#8243; _dynamic_attributes=\u00bbbutton_url\u00bb _module_preset=\u00bbdefault\u00bb custom_button=\u00bbon\u00bb button_use_icon=\u00bboff\u00bb custom_margin_tablet=\u00bb50px||||false|false\u00bb custom_margin_phone=\u00bb50px||||false|false\u00bb custom_margin_last_edited=\u00bbon|phone\u00bb custom_padding=\u00bb10px|25px|10px|25px|true|true\u00bb locked=\u00bboff\u00bb global_colors_info=\u00bb{}\u00bb][\/et_pb_button][\/et_pb_column][\/et_pb_row][\/et_pb_section]<\/p>","protected":false},"excerpt":{"rendered":"<p>LA FUNDACI\u00d3N Nuestra historia Fundaci\u00f3n Padri\u00f1o es, para nosotros, todo lo que representa la vida. Ayudar para poder seguir, acompa\u00f1ar durante el camino y apostar por las segundas oportunidades. Fer era nuestro padri\u00f1o: una persona extraordinaria que solo sab\u00eda hacer las cosas desde el coraz\u00f3n. Continuar su legado y trabajar en coherencia con los valores [&hellip;]<\/p>","protected":false},"author":1,"featured_media":0,"parent":0,"menu_order":0,"comment_status":"closed","ping_status":"closed","template":"","meta":{"_et_pb_use_builder":"on","_et_pb_old_content":"","_et_gb_content_width":"","footnotes":""},"class_list":["post-15","page","type-page","status-publish","hentry"],"yoast_head":"<!-- This site is optimized with the Yoast SEO plugin v22.2 - https:\/\/yoast.com\/wordpress\/plugins\/seo\/ -->\n<title>Integraci\u00f3n social Fundaci\u00f3n Padri\u00f1o - A coru\u00f1a<\/title>\n<meta name=\"description\" content=\"Integraci\u00f3n social Fundaci\u00f3n Padri\u00f1o. Ayudar para poder seguir, acompa\u00f1ar durante el camino y apostar por las segundas oportunidades.\" \/>\n<meta name=\"robots\" content=\"index, follow, max-snippet:-1, max-image-preview:large, max-video-preview:-1\" \/>\n<link rel=\"canonical\" href=\"https:\/\/xn--fundacionpadrio-crb.org\/en\/\" \/>\n<meta property=\"og:locale\" content=\"en_US\" \/>\n<meta property=\"og:type\" content=\"article\" \/>\n<meta property=\"og:title\" content=\"Integraci\u00f3n social Fundaci\u00f3n Padri\u00f1o - A coru\u00f1a\" \/>\n<meta property=\"og:description\" content=\"Integraci\u00f3n social Fundaci\u00f3n Padri\u00f1o. Ayudar para poder seguir, acompa\u00f1ar durante el camino y apostar por las segundas oportunidades.\" \/>\n<meta property=\"og:url\" content=\"https:\/\/xn--fundacionpadrio-crb.org\/en\/\" \/>\n<meta property=\"og:site_name\" content=\"Fundaci\u00f3n Padri\u00f1o\" \/>\n<meta property=\"article:modified_time\" content=\"2024-05-27T06:36:15+00:00\" \/>\n<meta name=\"twitter:card\" content=\"summary_large_image\" \/>\n<meta name=\"twitter:label1\" content=\"Est. reading time\" \/>\n\t<meta name=\"twitter:data1\" content=\"3 minutes\" \/>\n<script type=\"application\/ld+json\" class=\"yoast-schema-graph\">{\"@context\":\"https:\/\/schema.org\",\"@graph\":[{\"@type\":\"WebPage\",\"@id\":\"https:\/\/xn--fundacionpadrio-crb.org\/\",\"url\":\"https:\/\/xn--fundacionpadrio-crb.org\/\",\"name\":\"Integraci\u00f3n social Fundaci\u00f3n Padri\u00f1o - A coru\u00f1a\",\"isPartOf\":{\"@id\":\"https:\/\/xn--fundacionpadrio-crb.org\/#website\"},\"datePublished\":\"2024-04-09T09:35:17+00:00\",\"dateModified\":\"2024-05-27T06:36:15+00:00\",\"description\":\"Integraci\u00f3n social Fundaci\u00f3n Padri\u00f1o. Ayudar para poder seguir, acompa\u00f1ar durante el camino y apostar por las segundas oportunidades.\",\"breadcrumb\":{\"@id\":\"https:\/\/xn--fundacionpadrio-crb.org\/#breadcrumb\"},\"inLanguage\":\"en-US\",\"potentialAction\":[{\"@type\":\"ReadAction\",\"target\":[\"https:\/\/xn--fundacionpadrio-crb.org\/\"]}]},{\"@type\":\"BreadcrumbList\",\"@id\":\"https:\/\/xn--fundacionpadrio-crb.org\/#breadcrumb\",\"itemListElement\":[{\"@type\":\"ListItem\",\"position\":1,\"name\":\"Portada\",\"item\":\"https:\/\/xn--fundacionpadrio-crb.org\/\"},{\"@type\":\"ListItem\",\"position\":2,\"name\":\"Inicio\"}]},{\"@type\":\"WebSite\",\"@id\":\"https:\/\/xn--fundacionpadrio-crb.org\/#website\",\"url\":\"https:\/\/xn--fundacionpadrio-crb.org\/\",\"name\":\"Fundaci\u00f3n Padri\u00f1o\",\"description\":\"\",\"potentialAction\":[{\"@type\":\"SearchAction\",\"target\":{\"@type\":\"EntryPoint\",\"urlTemplate\":\"https:\/\/xn--fundacionpadrio-crb.org\/?s={search_term_string}\"},\"query-input\":\"required name=search_term_string\"}],\"inLanguage\":\"en-US\"}]}<\/script>\n<!-- \/ Yoast SEO plugin. -->","yoast_head_json":{"title":"Integraci\u00f3n social Fundaci\u00f3n Padri\u00f1o - A coru\u00f1a","description":"Integraci\u00f3n social Fundaci\u00f3n Padri\u00f1o. Ayudar para poder seguir, acompa\u00f1ar durante el camino y apostar por las segundas oportunidades.","robots":{"index":"index","follow":"follow","max-snippet":"max-snippet:-1","max-image-preview":"max-image-preview:large","max-video-preview":"max-video-preview:-1"},"canonical":"https:\/\/xn--fundacionpadrio-crb.org\/en\/","og_locale":"en_US","og_type":"article","og_title":"Integraci\u00f3n social Fundaci\u00f3n Padri\u00f1o - A coru\u00f1a","og_description":"Integraci\u00f3n social Fundaci\u00f3n Padri\u00f1o. Ayudar para poder seguir, acompa\u00f1ar durante el camino y apostar por las segundas oportunidades.","og_url":"https:\/\/xn--fundacionpadrio-crb.org\/en\/","og_site_name":"Fundaci\u00f3n Padri\u00f1o","article_modified_time":"2024-05-27T06:36:15+00:00","twitter_card":"summary_large_image","twitter_misc":{"Est. reading time":"3 minutes"},"schema":{"@context":"https:\/\/schema.org","@graph":[{"@type":"WebPage","@id":"https:\/\/xn--fundacionpadrio-crb.org\/","url":"https:\/\/xn--fundacionpadrio-crb.org\/","name":"Integraci\u00f3n social Fundaci\u00f3n Padri\u00f1o - A coru\u00f1a","isPartOf":{"@id":"https:\/\/xn--fundacionpadrio-crb.org\/#website"},"datePublished":"2024-04-09T09:35:17+00:00","dateModified":"2024-05-27T06:36:15+00:00","description":"Integraci\u00f3n social Fundaci\u00f3n Padri\u00f1o. Ayudar para poder seguir, acompa\u00f1ar durante el camino y apostar por las segundas oportunidades.","breadcrumb":{"@id":"https:\/\/xn--fundacionpadrio-crb.org\/#breadcrumb"},"inLanguage":"en-US","potentialAction":[{"@type":"ReadAction","target":["https:\/\/xn--fundacionpadrio-crb.org\/"]}]},{"@type":"BreadcrumbList","@id":"https:\/\/xn--fundacionpadrio-crb.org\/#breadcrumb","itemListElement":[{"@type":"ListItem","position":1,"name":"Portada","item":"https:\/\/xn--fundacionpadrio-crb.org\/"},{"@type":"ListItem","position":2,"name":"Inicio"}]},{"@type":"WebSite","@id":"https:\/\/xn--fundacionpadrio-crb.org\/#website","url":"https:\/\/xn--fundacionpadrio-crb.org\/","name":"Fundaci\u00f3n Padri\u00f1o","description":"","potentialAction":[{"@type":"SearchAction","target":{"@type":"EntryPoint","urlTemplate":"https:\/\/xn--fundacionpadrio-crb.org\/?s={search_term_string}"},"query-input":"required name=search_term_string"}],"inLanguage":"en-US"}]}},"_links":{"self":[{"href":"https:\/\/xn--fundacionpadrio-crb.org\/en\/wp-json\/wp\/v2\/pages\/15","targetHints":{"allow":["GET"]}}],"collection":[{"href":"https:\/\/xn--fundacionpadrio-crb.org\/en\/wp-json\/wp\/v2\/pages"}],"about":[{"href":"https:\/\/xn--fundacionpadrio-crb.org\/en\/wp-json\/wp\/v2\/types\/page"}],"author":[{"embeddable":true,"href":"https:\/\/xn--fundacionpadrio-crb.org\/en\/wp-json\/wp\/v2\/users\/1"}],"replies":[{"embeddable":true,"href":"https:\/\/xn--fundacionpadrio-crb.org\/en\/wp-json\/wp\/v2\/comments?post=15"}],"version-history":[{"count":140,"href":"https:\/\/xn--fundacionpadrio-crb.org\/en\/wp-json\/wp\/v2\/pages\/15\/revisions"}],"predecessor-version":[{"id":345215,"href":"https:\/\/xn--fundacionpadrio-crb.org\/en\/wp-json\/wp\/v2\/pages\/15\/revisions\/345215"}],"wp:attachment":[{"href":"https:\/\/xn--fundacionpadrio-crb.org\/en\/wp-json\/wp\/v2\/media?parent=15"}],"curies":[{"name":"wp","href":"https:\/\/api.w.org\/{rel}","templated":true}]}}