{"id":19,"date":"2024-04-09T11:36:11","date_gmt":"2024-04-09T09:36:11","guid":{"rendered":"https:\/\/xn--fundacionpadrio-crb.org\/?page_id=19"},"modified":"2024-05-08T09:27:21","modified_gmt":"2024-05-08T07:27:21","slug":"servicios","status":"publish","type":"page","link":"https:\/\/xn--fundacionpadrio-crb.org\/en\/servicios\/","title":{"rendered":"Servicios"},"content":{"rendered":"<p>[et_pb_section fb_built=\u00bb1&#8243; _builder_version=\u00bb4.24.2&#8243; _module_preset=\u00bbdefault\u00bb custom_padding=\u00bb0px||||false|false\u00bb border_width_top=\u00bb1px\u00bb border_color_top=\u00bb#302B29&#8243; locked=\u00bboff\u00bb global_colors_info=\u00bb{}\u00bb][et_pb_row column_structure=\u00bb1_2,1_2&#8243; make_equal=\u00bbon\u00bb module_class=\u00bbrow-cabecera\u00bb _builder_version=\u00bb4.24.2&#8243; _module_preset=\u00bbdefault\u00bb width=\u00bb100%\u00bb max_width=\u00bb100%\u00bb max_width_tablet=\u00bb100%\u00bb max_width_phone=\u00bb100%\u00bb max_width_last_edited=\u00bbon|tablet\u00bb height=\u00bb731px\u00bb height_tablet=\u00bb\u00bb height_phone=\u00bb\u00bb height_last_edited=\u00bbon|tablet\u00bb custom_padding=\u00bb0px||||false|false\u00bb global_colors_info=\u00bb{}\u00bb][et_pb_column type=\u00bb1_2&#8243; _builder_version=\u00bb4.24.2&#8243; _module_preset=\u00bbdefault\u00bb background_enable_color=\u00bboff\u00bb background_image=\u00bbhttps:\/\/xn--fundacionpadrio-crb.org\/wp-content\/uploads\/2024\/04\/servicios.jpg\u00bb background_blend=\u00bbmultiply\u00bb background_last_edited=\u00bbon|phone\u00bb background_enable_image_tablet=\u00bboff\u00bb border_radii=\u00bboff|||200px|\u00bb box_shadow_style=\u00bbpreset3&#8243; box_shadow_vertical=\u00bb4px\u00bb box_shadow_blur=\u00bb4px\u00bb box_shadow_spread=\u00bb0px\u00bb box_shadow_color=\u00bbrgba(0,0,0,0.25)\u00bb global_colors_info=\u00bb{}\u00bb][et_pb_image src=\u00bbhttps:\/\/xn--fundacionpadrio-crb.org\/wp-content\/uploads\/2024\/04\/servicios.jpg\u00bb title_text=\u00bbservicios\u00bb disabled_on=\u00bboff|off|on\u00bb module_class=\u00bbimagenFondo\u00bb _builder_version=\u00bb4.24.2&#8243; _module_preset=\u00bbdefault\u00bb background_enable_color=\u00bboff\u00bb background_enable_image=\u00bboff\u00bb custom_margin=\u00bb0px||||false|false\u00bb custom_padding=\u00bb0px||||false|false\u00bb border_radii=\u00bboff|0px|0px|80px|0px\u00bb box_shadow_style=\u00bbpreset3&#8243; box_shadow_vertical=\u00bb4px\u00bb box_shadow_blur=\u00bb4px\u00bb box_shadow_spread=\u00bb0px\u00bb box_shadow_color=\u00bbrgba(0,0,0,0.25)\u00bb global_colors_info=\u00bb{}\u00bb][\/et_pb_image][\/et_pb_column][et_pb_column type=\u00bb1_2&#8243; module_class=\u00bbrow-flex1&#8243; _builder_version=\u00bb4.24.2&#8243; _module_preset=\u00bbdefault\u00bb background_enable_image=\u00bboff\u00bb custom_padding=\u00bb|20px||20px|false|true\u00bb global_colors_info=\u00bb{}\u00bb][et_pb_text _builder_version=\u00bb4.24.2&#8243; _module_preset=\u00bbdefault\u00bb text_font=\u00bbOld Standard TT||||||||\u00bb global_colors_info=\u00bb{}\u00bb]<\/p>\n<h2 class=\"sub\">LA TIENDA DE LINO<\/h2>\n<h1 class=\"title\">Servicios<\/h1>\n<p class=\"texto\">[\/et_pb_text][et_pb_button button_url=\u00bb#ayudar\u00bb button_text=\u00bbVer m\u00e1s\u00bb module_class=\u00bbbotn-Lbrown\u00bb _builder_version=\u00bb4.24.2&#8243; _module_preset=\u00bbdefault\u00bb custom_button=\u00bbon\u00bb button_use_icon=\u00bboff\u00bb custom_padding=\u00bb10px|25px|10px|25px|true|true\u00bb global_colors_info=\u00bb{}\u00bb][\/et_pb_button][\/et_pb_column][\/et_pb_row][\/et_pb_section][et_pb_section fb_built=\u00bb1&#8243; _builder_version=\u00bb4.24.2&#8243; _module_preset=\u00bbdefault\u00bb custom_padding=\u00bb0px||||false|false\u00bb border_color_top=\u00bb#302B29&#8243; border_width_top_tablet=\u00bb\u00bb border_width_top_phone=\u00bb\u00bb border_width_top_last_edited=\u00bbon|phone\u00bb locked=\u00bboff\u00bb global_colors_info=\u00bb{}\u00bb][et_pb_row module_id=\u00bbayudar\u00bb _builder_version=\u00bb4.24.2&#8243; _module_preset=\u00bbdefault\u00bb width=\u00bb100%\u00bb max_width=\u00bb98%\u00bb border_width_all_tablet=\u00bb\u00bb border_width_all_phone=\u00bb\u00bb border_width_all_last_edited=\u00bbon|phone\u00bb border_width_top_tablet=\u00bb\u00bb border_width_top_phone=\u00bb0px\u00bb border_width_top_last_edited=\u00bbon|phone\u00bb border_color_top_tablet=\u00bb\u00bb border_color_top_phone=\u00bbRGBA(255,255,255,0)\u00bb border_color_top_last_edited=\u00bbon|phone\u00bb locked=\u00bboff\u00bb global_colors_info=\u00bb{}\u00bb][et_pb_column type=\u00bb4_4&#8243; _builder_version=\u00bb4.24.2&#8243; _module_preset=\u00bbdefault\u00bb global_colors_info=\u00bb{}\u00bb][et_pb_text content_tablet=\u00bb<\/p>\n<h2 class=\"%22title%22\">La Tienda de Lino. Un espacio social.<\/h2>\n<h3 class=\"%22sub%22\">Promoviendo la integraci\u00f3n social y laboral de personas en situaci\u00f3n o riesgo de exclusi\u00f3n social<\/h3>\n<p>\u00bb content_phone=\u00bb<\/p>\n<h2 class=\"%22title%22\">La Tienda de Lino <br \/>Un espacio social<\/h2>\n<h3 class=\"%22sub%22\">Promoviendo la integraci\u00f3n social y laboral de personas en situaci\u00f3n o riesgo de exclusi\u00f3n social<\/h3>\n<p>\u00bb content_last_edited=\u00bbon|desktop\u00bb _builder_version=\u00bb4.24.2&#8243; _module_preset=\u00bbdefault\u00bb text_font=\u00bbOld Standard TT||||||||\u00bb header_2_text_align=\u00bbcenter\u00bb header_3_text_align=\u00bbcenter\u00bb locked=\u00bboff\u00bb global_colors_info=\u00bb{}\u00bb]<\/p>\n<h2 class=\"title\">La Tienda de Lino. Un espacio social.<\/h2>\n<h3 class=\"sub\">Promoviendo la integraci\u00f3n social y laboral de personas en situaci\u00f3n o riesgo de exclusi\u00f3n social<\/h3>\n<p>[\/et_pb_text][\/et_pb_column][\/et_pb_row][et_pb_row column_structure=\u00bb1_3,1_3,1_3&#8243; make_equal=\u00bbon\u00bb custom_padding_last_edited=\u00bbon|desktop\u00bb disabled_on=\u00bbon|on|on\u00bb admin_label=\u00bbFila\u00bb module_class=\u00bbrow-ads\u00bb _builder_version=\u00bb4.24.2&#8243; _module_preset=\u00bbdefault\u00bb width=\u00bb100%\u00bb max_width=\u00bb80%\u00bb max_width_tablet=\u00bb90%\u00bb max_width_phone=\u00bb90%\u00bb max_width_last_edited=\u00bbon|phone\u00bb module_alignment=\u00bbcenter\u00bb custom_padding_tablet=\u00bb0px||||false|false\u00bb custom_padding_phone=\u00bb0px||||false|false\u00bb disabled=\u00bbon\u00bb global_colors_info=\u00bb{}\u00bb][et_pb_column type=\u00bb1_3&#8243; _builder_version=\u00bb4.24.2&#8243; _module_preset=\u00bbdefault\u00bb background_color=\u00bb#FFFFFF\u00bb custom_padding=\u00bb30px|30px|30px|30px|false|false\u00bb border_width_all=\u00bb10px\u00bb border_color_all=\u00bb#F2E7E3&#8243; global_colors_info=\u00bb{}\u00bb][et_pb_blurb image=\u00bbhttps:\/\/xn--fundacionpadrio-crb.org\/wp-content\/uploads\/2024\/04\/Pildora-inicial-Fundacion-Padrino-2-1.png\u00bb _builder_version=\u00bb4.24.2&#8243; _module_preset=\u00bbdefault\u00bb header_level=\u00bbh3&#8243; header_font=\u00bb|700|||||||\u00bb header_text_align=\u00bbcenter\u00bb body_text_align=\u00bbcenter\u00bb global_colors_info=\u00bb{}\u00bb][\/et_pb_blurb][\/et_pb_column][et_pb_column type=\u00bb1_3&#8243; _builder_version=\u00bb4.24.2&#8243; _module_preset=\u00bbdefault\u00bb background_color=\u00bb#FFFFFF\u00bb custom_padding=\u00bb30px|30px|30px|30px|false|false\u00bb border_width_all=\u00bb10px\u00bb border_color_all=\u00bb#F2E7E3&#8243; global_colors_info=\u00bb{}\u00bb][et_pb_blurb image=\u00bbhttps:\/\/xn--fundacionpadrio-crb.org\/wp-content\/uploads\/2024\/04\/Pildora-inicial-Fundacion-Padrino-3.png\u00bb _builder_version=\u00bb4.24.2&#8243; _module_preset=\u00bbdefault\u00bb header_level=\u00bbh3&#8243; header_font=\u00bb|700|||||||\u00bb header_text_align=\u00bbcenter\u00bb body_text_align=\u00bbcenter\u00bb global_colors_info=\u00bb{}\u00bb][\/et_pb_blurb][\/et_pb_column][et_pb_column type=\u00bb1_3&#8243; _builder_version=\u00bb4.24.2&#8243; _module_preset=\u00bbdefault\u00bb background_color=\u00bb#FFFFFF\u00bb custom_padding=\u00bb30px|30px|30px|30px|false|false\u00bb border_width_all=\u00bb10px\u00bb border_color_all=\u00bb#F2E7E3&#8243; global_colors_info=\u00bb{}\u00bb][et_pb_blurb image=\u00bbhttps:\/\/xn--fundacionpadrio-crb.org\/wp-content\/uploads\/2024\/04\/Pildora-inicial-Fundacion-Padrino.png\u00bb _builder_version=\u00bb4.24.2&#8243; _module_preset=\u00bbdefault\u00bb header_level=\u00bbh3&#8243; header_font=\u00bb|700|||||||\u00bb header_text_align=\u00bbcenter\u00bb body_text_align=\u00bbcenter\u00bb global_colors_info=\u00bb{}\u00bb][\/et_pb_blurb][\/et_pb_column][\/et_pb_row][\/et_pb_section][et_pb_section fb_built=\u00bb1&#8243; _builder_version=\u00bb4.24.2&#8243; _module_preset=\u00bbdefault\u00bb background_color=\u00bb#AB8072&#8243; box_shadow_style=\u00bbpreset6&#8243; box_shadow_color=\u00bb#FFFFFF\u00bb global_colors_info=\u00bb{}\u00bb][et_pb_row column_structure=\u00bb1_2,1_2&#8243; make_equal=\u00bbon\u00bb module_class=\u00bbrow-flex\u00bb _builder_version=\u00bb4.24.2&#8243; _module_preset=\u00bbdefault\u00bb width=\u00bb100%\u00bb max_width=\u00bb80%\u00bb global_colors_info=\u00bb{}\u00bb][et_pb_column type=\u00bb1_2&#8243; _builder_version=\u00bb4.24.2&#8243; _module_preset=\u00bbdefault\u00bb global_colors_info=\u00bb{}\u00bb][et_pb_text _builder_version=\u00bb4.24.2&#8243; _module_preset=\u00bbdefault\u00bb text_font=\u00bbOld Standard TT||||||||\u00bb hover_enabled=\u00bb0&#8243; locked=\u00bboff\u00bb global_colors_info=\u00bb{}\u00bb sticky_enabled=\u00bb0&#8243;]<\/p>\n<p class=\"textoWhite\">En el a\u00f1o 1971, Lino y Mary abrieron una <strong>peque\u00f1a tienda en A Coru\u00f1a<\/strong>. Poco a poco, con mucho esfuerzo y trabajo, se convirti\u00f3 en ese lugar que la gente visita cuando quiere comprar algo bueno para su casa: pan fresco, verduras, fruta de temporada, embutidos, queso, vino.<\/p>\n<p class=\"textoWhite\"><strong>Lino, su fundador, nos ense\u00f1\u00f3 a ofrecer siempre un buen producto, acompa\u00f1ado de un servicio cercano a nuestros clientes,<\/strong> y con su ejemplo de trabajo, seguimos mejorando cada d\u00eda para cumplir con ello.<\/p>\n<p class=\"textoWhite\">50 a\u00f1os despu\u00e9s, siendo ahora una referencia nacional en<strong> producto de calidad y vino gallego<\/strong>,<\/p>\n<p class=\"textoWhite\">La Tienda de Lino se transforma para ayudar a <strong>promover la integraci\u00f3n social y laboral de personas en situaci\u00f3n o riesgo de exclusi\u00f3n social<\/strong>. Un espacio para avanzar y ofrecer oportunidades de vida, donde el trabajo sea una herramienta para el desarrollo y crecimiento personal.<\/p>\n<p>[\/et_pb_text][\/et_pb_column][et_pb_column type=\u00bb1_2&#8243; _builder_version=\u00bb4.24.2&#8243; _module_preset=\u00bbdefault\u00bb global_colors_info=\u00bb{}\u00bb][et_pb_gallery gallery_ids=\u00bb345043,345049,345044,345047,345046,345045,345048&#8243; fullwidth=\u00bbon\u00bb _builder_version=\u00bb4.24.2&#8243; _module_preset=\u00bbdefault\u00bb module_alignment=\u00bbcenter\u00bb animation_style=\u00bbfade\u00bb auto=\u00bbon\u00bb auto_speed=\u00bb5000&#8243; global_colors_info=\u00bb{}\u00bb][\/et_pb_gallery][\/et_pb_column][\/et_pb_row][\/et_pb_section]<\/p>","protected":false},"excerpt":{"rendered":"<p>LA TIENDA DE LINO Servicios La Tienda de Lino. Un espacio social. Promoviendo la integraci\u00f3n social y laboral de personas en situaci\u00f3n o riesgo de exclusi\u00f3n socialEn el a\u00f1o 1971, Lino y Mary abrieron una peque\u00f1a tienda en A Coru\u00f1a. Poco a poco, con mucho esfuerzo y trabajo, se convirti\u00f3 en ese lugar que la [&hellip;]<\/p>","protected":false},"author":1,"featured_media":0,"parent":0,"menu_order":0,"comment_status":"closed","ping_status":"closed","template":"","meta":{"_et_pb_use_builder":"on","_et_pb_old_content":"","_et_gb_content_width":"","footnotes":""},"class_list":["post-19","page","type-page","status-publish","hentry"],"yoast_head":"<!-- This site is optimized with the Yoast SEO plugin v22.2 - https:\/\/yoast.com\/wordpress\/plugins\/seo\/ -->\n<title>La tienda de lino coru\u00f1a - Servicios - Fundaci\u00f3n Padri\u00f1o<\/title>\n<meta name=\"description\" content=\"La tienda lino coru\u00f1a, es un espacio para ofrecer oportunidades de vida, donde el trabajo es una herramienta para el crecimiento personal.\" \/>\n<meta name=\"robots\" content=\"index, follow, max-snippet:-1, max-image-preview:large, max-video-preview:-1\" \/>\n<link rel=\"canonical\" href=\"https:\/\/xn--fundacionpadrio-crb.org\/en\/servicios\/\" \/>\n<meta property=\"og:locale\" content=\"en_US\" \/>\n<meta property=\"og:type\" content=\"article\" \/>\n<meta property=\"og:title\" content=\"La tienda de lino coru\u00f1a - Servicios - Fundaci\u00f3n Padri\u00f1o\" \/>\n<meta property=\"og:description\" content=\"La tienda lino coru\u00f1a, es un espacio para ofrecer oportunidades de vida, donde el trabajo es una herramienta para el crecimiento personal.\" \/>\n<meta property=\"og:url\" content=\"https:\/\/xn--fundacionpadrio-crb.org\/en\/servicios\/\" \/>\n<meta property=\"og:site_name\" content=\"Fundaci\u00f3n Padri\u00f1o\" \/>\n<meta property=\"article:modified_time\" content=\"2024-05-08T07:27:21+00:00\" \/>\n<meta name=\"twitter:card\" content=\"summary_large_image\" \/>\n<meta name=\"twitter:label1\" content=\"Est. reading time\" \/>\n\t<meta name=\"twitter:data1\" content=\"3 minutes\" \/>\n<script type=\"application\/ld+json\" class=\"yoast-schema-graph\">{\"@context\":\"https:\/\/schema.org\",\"@graph\":[{\"@type\":\"WebPage\",\"@id\":\"https:\/\/xn--fundacionpadrio-crb.org\/servicios\/\",\"url\":\"https:\/\/xn--fundacionpadrio-crb.org\/servicios\/\",\"name\":\"La tienda de lino coru\u00f1a - Servicios - Fundaci\u00f3n Padri\u00f1o\",\"isPartOf\":{\"@id\":\"https:\/\/xn--fundacionpadrio-crb.org\/#website\"},\"datePublished\":\"2024-04-09T09:36:11+00:00\",\"dateModified\":\"2024-05-08T07:27:21+00:00\",\"description\":\"La tienda lino coru\u00f1a, es un espacio para ofrecer oportunidades de vida, donde el trabajo es una herramienta para el crecimiento personal.\",\"breadcrumb\":{\"@id\":\"https:\/\/xn--fundacionpadrio-crb.org\/servicios\/#breadcrumb\"},\"inLanguage\":\"en-US\",\"potentialAction\":[{\"@type\":\"ReadAction\",\"target\":[\"https:\/\/xn--fundacionpadrio-crb.org\/servicios\/\"]}]},{\"@type\":\"BreadcrumbList\",\"@id\":\"https:\/\/xn--fundacionpadrio-crb.org\/servicios\/#breadcrumb\",\"itemListElement\":[{\"@type\":\"ListItem\",\"position\":1,\"name\":\"Portada\",\"item\":\"https:\/\/xn--fundacionpadrio-crb.org\/\"},{\"@type\":\"ListItem\",\"position\":2,\"name\":\"Servicios\"}]},{\"@type\":\"WebSite\",\"@id\":\"https:\/\/xn--fundacionpadrio-crb.org\/#website\",\"url\":\"https:\/\/xn--fundacionpadrio-crb.org\/\",\"name\":\"Fundaci\u00f3n Padri\u00f1o\",\"description\":\"\",\"potentialAction\":[{\"@type\":\"SearchAction\",\"target\":{\"@type\":\"EntryPoint\",\"urlTemplate\":\"https:\/\/xn--fundacionpadrio-crb.org\/?s={search_term_string}\"},\"query-input\":\"required name=search_term_string\"}],\"inLanguage\":\"en-US\"}]}<\/script>\n<!-- \/ Yoast SEO plugin. -->","yoast_head_json":{"title":"La tienda de lino coru\u00f1a - Servicios - Fundaci\u00f3n Padri\u00f1o","description":"La tienda lino coru\u00f1a, es un espacio para ofrecer oportunidades de vida, donde el trabajo es una herramienta para el crecimiento personal.","robots":{"index":"index","follow":"follow","max-snippet":"max-snippet:-1","max-image-preview":"max-image-preview:large","max-video-preview":"max-video-preview:-1"},"canonical":"https:\/\/xn--fundacionpadrio-crb.org\/en\/servicios\/","og_locale":"en_US","og_type":"article","og_title":"La tienda de lino coru\u00f1a - Servicios - Fundaci\u00f3n Padri\u00f1o","og_description":"La tienda lino coru\u00f1a, es un espacio para ofrecer oportunidades de vida, donde el trabajo es una herramienta para el crecimiento personal.","og_url":"https:\/\/xn--fundacionpadrio-crb.org\/en\/servicios\/","og_site_name":"Fundaci\u00f3n Padri\u00f1o","article_modified_time":"2024-05-08T07:27:21+00:00","twitter_card":"summary_large_image","twitter_misc":{"Est. reading time":"3 minutes"},"schema":{"@context":"https:\/\/schema.org","@graph":[{"@type":"WebPage","@id":"https:\/\/xn--fundacionpadrio-crb.org\/servicios\/","url":"https:\/\/xn--fundacionpadrio-crb.org\/servicios\/","name":"La tienda de lino coru\u00f1a - Servicios - Fundaci\u00f3n Padri\u00f1o","isPartOf":{"@id":"https:\/\/xn--fundacionpadrio-crb.org\/#website"},"datePublished":"2024-04-09T09:36:11+00:00","dateModified":"2024-05-08T07:27:21+00:00","description":"La tienda lino coru\u00f1a, es un espacio para ofrecer oportunidades de vida, donde el trabajo es una herramienta para el crecimiento personal.","breadcrumb":{"@id":"https:\/\/xn--fundacionpadrio-crb.org\/servicios\/#breadcrumb"},"inLanguage":"en-US","potentialAction":[{"@type":"ReadAction","target":["https:\/\/xn--fundacionpadrio-crb.org\/servicios\/"]}]},{"@type":"BreadcrumbList","@id":"https:\/\/xn--fundacionpadrio-crb.org\/servicios\/#breadcrumb","itemListElement":[{"@type":"ListItem","position":1,"name":"Portada","item":"https:\/\/xn--fundacionpadrio-crb.org\/"},{"@type":"ListItem","position":2,"name":"Servicios"}]},{"@type":"WebSite","@id":"https:\/\/xn--fundacionpadrio-crb.org\/#website","url":"https:\/\/xn--fundacionpadrio-crb.org\/","name":"Fundaci\u00f3n Padri\u00f1o","description":"","potentialAction":[{"@type":"SearchAction","target":{"@type":"EntryPoint","urlTemplate":"https:\/\/xn--fundacionpadrio-crb.org\/?s={search_term_string}"},"query-input":"required name=search_term_string"}],"inLanguage":"en-US"}]}},"_links":{"self":[{"href":"https:\/\/xn--fundacionpadrio-crb.org\/en\/wp-json\/wp\/v2\/pages\/19","targetHints":{"allow":["GET"]}}],"collection":[{"href":"https:\/\/xn--fundacionpadrio-crb.org\/en\/wp-json\/wp\/v2\/pages"}],"about":[{"href":"https:\/\/xn--fundacionpadrio-crb.org\/en\/wp-json\/wp\/v2\/types\/page"}],"author":[{"embeddable":true,"href":"https:\/\/xn--fundacionpadrio-crb.org\/en\/wp-json\/wp\/v2\/users\/1"}],"replies":[{"embeddable":true,"href":"https:\/\/xn--fundacionpadrio-crb.org\/en\/wp-json\/wp\/v2\/comments?post=19"}],"version-history":[{"count":45,"href":"https:\/\/xn--fundacionpadrio-crb.org\/en\/wp-json\/wp\/v2\/pages\/19\/revisions"}],"predecessor-version":[{"id":345188,"href":"https:\/\/xn--fundacionpadrio-crb.org\/en\/wp-json\/wp\/v2\/pages\/19\/revisions\/345188"}],"wp:attachment":[{"href":"https:\/\/xn--fundacionpadrio-crb.org\/en\/wp-json\/wp\/v2\/media?parent=19"}],"curies":[{"name":"wp","href":"https:\/\/api.w.org\/{rel}","templated":true}]}}